{"id":289,"date":"2018-12-12T14:22:51","date_gmt":"2018-12-12T14:22:51","guid":{"rendered":"http:\/\/builderry.webgeniuslab.net\/?page_id=289"},"modified":"2021-03-04T22:59:23","modified_gmt":"2021-03-04T21:59:23","slug":"mentions-legales-2","status":"publish","type":"page","link":"https:\/\/etancheitestephane.com\/index.php\/mentions-legales-2\/","title":{"rendered":"Mentions l\u00e9gales"},"content":{"rendered":"[vc_row][vc_column][wgl_spacing spacer_size=&#8221;10px&#8221;][\/vc_column][\/vc_row][vc_row][vc_column][vc_column_text]\n<h3>Si\u00e8ge :<\/h3>\n<p>St\u00e9phane Etanch\u00e9it\u00e9<\/p>\n<p><span>11 Impasse Flaubert,<br \/>\n01100 Oyonnax<\/span><br \/>\nFrance<\/p>\n<p>Num\u00e9ro de Siret : <span>75237290400025<\/span><\/p>\n<h3>Contenu du site\u00a0:<\/h3>\n<p>Les informations contenues sur le site <a href=\"https:\/\/etancheitestephane.com\/\">www.etancheitestephane.com<\/a> sont mises \u00e0 jour p\u00e9riodiquement.<br \/>\nPour d\u00e9couvrir l&#8217;ensemble des produits n\u2019h\u00e9sitez pas \u00e0 contacter notre \u00e9quipe commerciale au <a href=\"tel:0658031345\">06.58.03.13.45<\/a>.<\/p>\n<p>Les photographies et les coloris illustrant les produits n&#8217;entrent dans aucun champ contractuel. Si des erreurs s&#8217;y sont introduites, en aucun cas, la responsabilit\u00e9 de St\u00e9phane Etanch\u00e9it\u00e9 ne pourra \u00eatre engag\u00e9e. Le copyright des photos reproduites ici est \u00e9chu \u00e0 St\u00e9phane Etanch\u00e9it\u00e9 et les photos ne peuvent \u00eatre reproduites sans consentement pr\u00e9alable de St\u00e9phane Etanch\u00e9it\u00e9.<\/p>\n<p>Publication : G\u00e9rant de la soci\u00e9t\u00e9<br \/>\nDirecteur de la publication : Ilyas OZTURK.<\/p>\n<h3>Donn\u00e9es personnelles<\/h3>\n<p>Les informations recueillies font l\u2019objet d\u2019un traitement informatique destin\u00e9 \u00e0 un fichier client. Le destinataire des donn\u00e9es est la soci\u00e9t\u00e9 St\u00e9phane Etanch\u00e9it\u00e9. Conform\u00e9ment \u00e0 la loi \u00abinformatique et libert\u00e9s\u00bb du 6 janvier 1978, vous b\u00e9n\u00e9ficiez d\u2019un droit d\u2019acc\u00e8s et de rectification aux informations qui vous concernent. Si vous souhaitez exercer ce droit et obtenir communication des informations vous concernant, veuillez vous adresser \u00e0 :<\/p>\n<p>St\u00e9phane Etanch\u00e9it\u00e9<\/p>\n<p><span>11 Impasse Flaubert,<br \/>\n01100 Oyonnax<\/span><br \/>\nFrance<br \/>\nT\u00e9l. : <a href=\"tel:0658031345\">06.58.03.13.45<\/a><br \/>\nEmail :<span>\u00a0<\/span><span><a href=\"setancheite01@mail.com\">setancheite01@mail.com<\/a><\/span><\/p>\n<h3>Droits de propri\u00e9t\u00e9 intellectuelle\u00a0:<\/h3>\n<p>Le site <a href=\"http:\/\/www.etancheitestephane.com\">www.etancheitestephane.com<\/a>\u00a0est notre propri\u00e9t\u00e9. Toute reproduction int\u00e9grale ou partielle des \u00e9l\u00e9ments constitutifs de notre site et notamment des marques, logos, textes et photographies est strictement interdite. La reproduction, distribution ou utilisation notamment \u00e0 des fins commerciales de ces \u00e9l\u00e9ments pourra faire l\u2019objet de poursuites p\u00e9nales.<\/p>\n<p>La cr\u00e9ation ou l\u2019utilisation de liens hypertexte vers une ou plusieurs pages du site ou vers l\u2019un de ses \u00e9l\u00e9ments est interdite sauf autorisation pr\u00e9alable et \u00e9crite de St\u00e9phane Etanch\u00e9it\u00e9.[\/vc_column_text][\/vc_column][\/vc_row]\n","protected":false},"excerpt":{"rendered":"<p>[vc_row][vc_column][wgl_spacing spacer_size=&#8221;10px&#8221;][\/vc_column][\/vc_row][vc_row][vc_column][vc_column_text] Si\u00e8ge : St\u00e9phane Etanch\u00e9it\u00e9 11 Impasse Flaubert, 01100 Oyonnax France Num\u00e9ro de Siret : 75237290400025 Contenu du site\u00a0: Les informations contenues sur le site www.etancheitestephane.com sont mises \u00e0 jour p\u00e9riodiquement. Pour d\u00e9couvrir l&#8217;ensemble des produits n\u2019h\u00e9sitez pas \u00e0 contacter notre \u00e9quipe commerciale au 06.58.03.13.45. Les photographies et les coloris illustrant les produits n&#8217;entrent [&hellip;]<\/p>\n","protected":false},"author":1,"featured_media":0,"parent":0,"menu_order":0,"comment_status":"closed","ping_status":"closed","template":"","meta":[],"_links":{"self":[{"href":"https:\/\/etancheitestephane.com\/index.php\/wp-json\/wp\/v2\/pages\/289"}],"collection":[{"href":"https:\/\/etancheitestephane.com\/index.php\/wp-json\/wp\/v2\/pages"}],"about":[{"href":"https:\/\/etancheitestephane.com\/index.php\/wp-json\/wp\/v2\/types\/page"}],"author":[{"embeddable":true,"href":"https:\/\/etancheitestephane.com\/index.php\/wp-json\/wp\/v2\/users\/1"}],"replies":[{"embeddable":true,"href":"https:\/\/etancheitestephane.com\/index.php\/wp-json\/wp\/v2\/comments?post=289"}],"version-history":[{"count":4,"href":"https:\/\/etancheitestephane.com\/index.php\/wp-json\/wp\/v2\/pages\/289\/revisions"}],"predecessor-version":[{"id":1168,"href":"https:\/\/etancheitestephane.com\/index.php\/wp-json\/wp\/v2\/pages\/289\/revisions\/1168"}],"wp:attachment":[{"href":"https:\/\/etancheitestephane.com\/index.php\/wp-json\/wp\/v2\/media?parent=289"}],"curies":[{"name":"wp","href":"https:\/\/api.w.org\/{rel}","templated":true}]}}