{"id":396,"date":"2018-12-14T07:20:48","date_gmt":"2018-12-14T07:20:48","guid":{"rendered":"http:\/\/builderry.webgeniuslab.net\/?page_id=396"},"modified":"2021-03-07T20:04:49","modified_gmt":"2021-03-07T19:04:49","slug":"qui-sommes-nous","status":"publish","type":"page","link":"https:\/\/etancheitestephane.com\/index.php\/qui-sommes-nous\/","title":{"rendered":"Qui sommes nous ?"},"content":{"rendered":"[vc_row][vc_column offset=&#8221;vc_col-md-6&#8243;][wgl_image_layers values=&#8221;%5B%7B%22thumbnail%22%3A%221177%22%2C%22image_animation%22%3A%22slide_up%22%2C%22image_order%22%3A%221%22%7D%5D&#8221;][\/vc_column][vc_column offset=&#8221;vc_col-lg-offset-1 vc_col-lg-5 vc_col-md-6&#8243;][wgl_spacing spacer_size=&#8221;38&#8243;][wgl_double_headings title_color=&#8221;#313131&#8243; subtitle_color=&#8221;#fdb900&#8243; title=&#8221;St\u00e9phane Etanch\u00e9it\u00e9&#8221; subtitle=&#8221;Notre exp\u00e9rience \u00e0 votre service&#8221;][wgl_spacing spacer_size=&#8221;22&#8243;][wgl_custom_text font_size=&#8221;18&#8243;]Avec plus de <span style=\"font-weight: 600; color: #313131;\" class=\"custom-weight\">15 ann\u00e9es d&#8217;exp\u00e9riences<\/span> St\u00e9phane Etanch\u00e9it\u00e9 met tout son savoir-faire pour vous proposer des services de travaux d\u2019\u00e9tanch\u00e9it\u00e9 et d\u2019isolation de qualit\u00e9 :<\/p>\n<ul>\n<li>\u00c9tanch\u00e9it\u00e9 et isolation des toitures terrasse<\/li>\n<li>\u00c9tanch\u00e9it\u00e9 et isolation des parties enterr\u00e9es<\/li>\n<li>Terrasses V\u00e9g\u00e9talisation<\/li>\n<li>Pose des dalles sur plot Couverture<\/li>\n<li>Entretien \/ nettoyage de toiture<\/li>\n<li>Recherche de fuite<\/li>\n<\/ul>\n[\/wgl_custom_text][wgl_spacing spacer_size=&#8221;18&#8243;][vc_column_text]<span>Votre satisfaction au c\u0153ur de nos priorit\u00e9s.<\/span>[\/vc_column_text][wgl_spacing spacer_size=&#8221;30px&#8221;][vc_row_inner][vc_column_inner width=&#8221;7\/12&#8243;][vc_column_text]\n<h4 style=\"color: #313131; font-weight: 600; font-size: 18px;\">St\u00e9phane Ozturk<\/h4>\n<div class=\"wgl-theme-color\" style=\"font-size: 13px; text-transform: uppercase; font-weight: 600; line-height: 20px;\">DIRECTEUR<\/div>\n[\/vc_column_text][\/vc_column_inner][vc_column_inner width=&#8221;5\/12&#8243;][wgl_spacing spacer_size=&#8221;1px&#8221;][vc_column_text]<img loading=\"lazy\" class=\"alignnone wp-image-1062 size-medium\" src=\"https:\/\/etancheitestephane.com\/wp-content\/uploads\/2021\/02\/Jaime-te-faire-sourire-4-300x300.png\" alt=\"\" width=\"300\" height=\"300\" \/>[\/vc_column_text][\/vc_column_inner][\/vc_row_inner][\/vc_column][\/vc_row][vc_row][vc_column][wgl_spacing spacer_size=&#8221;10px&#8221;][\/vc_column][\/vc_row][vc_row][vc_column width=&#8221;1\/2&#8243; offset=&#8221;vc_col-lg-4&#8243;][wgl_info_box ib_layout=&#8221;left&#8221; icon_type=&#8221;font&#8221; icon_font_type=&#8221;type_flaticon&#8221; icon_flaticon=&#8221;flaticon-paint&#8221; title_size=&#8221;18&#8243; title_weight=&#8221;700&#8243; title_bot_offset=&#8221;5&#8243; content_size=&#8221;14&#8243; content_line_height=&#8221;24&#8243; ib_title=&#8221;Mat\u00e9riaux de qualit\u00e9&#8221; ib_content=&#8221;Nous utilisons que des mat\u00e9riaux de haute qualit\u00e9.&#8221; ib_offsets=&#8221;.vc_custom_1614507041635{border-top-width: 1px !important;border-right-width: 1px !important;border-bottom-width: 1px !important;border-left-width: 1px !important;padding-top: 27px !important;padding-right: 40px !important;padding-bottom: 27px !important;padding-left: 40px !important;border-left-style: solid !important;border-right-style: solid !important;border-top-style: solid !important;border-bottom-style: solid !important;}&#8221; custom_icon_bg_width=&#8221;52&#8243; custom_icon_bg_height=&#8221;57&#8243;][wgl_spacing spacer_size=&#8221;30px&#8221;][\/vc_column][vc_column width=&#8221;1\/2&#8243; offset=&#8221;vc_col-lg-4&#8243;][wgl_info_box ib_layout=&#8221;left&#8221; icon_type=&#8221;font&#8221; icon_font_type=&#8221;type_flaticon&#8221; icon_flaticon=&#8221;flaticon-screw-1&#8243; title_size=&#8221;18&#8243; title_weight=&#8221;700&#8243; title_bot_offset=&#8221;5&#8243; content_size=&#8221;14&#8243; content_line_height=&#8221;24&#8243; ib_title=&#8221;Exp\u00e9rience et savoir-faire&#8221; ib_content=&#8221;Une \u00e9quipe exp\u00e9riment\u00e9e et attentionn\u00e9e au moindre d\u00e9tail.&#8221; ib_offsets=&#8221;.vc_custom_1614507215405{border-top-width: 1px !important;border-right-width: 1px !important;border-bottom-width: 1px !important;border-left-width: 1px !important;padding-top: 27px !important;padding-right: 40px !important;padding-bottom: 27px !important;padding-left: 40px !important;border-left-style: solid !important;border-right-style: solid !important;border-top-style: solid !important;border-bottom-style: solid !important;}&#8221; custom_icon_bg_width=&#8221;52&#8243; custom_icon_bg_height=&#8221;57&#8243; icon_offsets=&#8221;.vc_custom_1614507215418{margin-right: 17px !important;margin-bottom: 17px !important;}&#8221;][wgl_spacing spacer_size=&#8221;30px&#8221;][\/vc_column][vc_column width=&#8221;1\/2&#8243; offset=&#8221;vc_col-lg-offset-0 vc_col-lg-4 vc_col-sm-offset-3&#8243;][wgl_info_box ib_layout=&#8221;left&#8221; icon_type=&#8221;font&#8221; icon_font_type=&#8221;type_flaticon&#8221; icon_flaticon=&#8221;flaticon-ruler&#8221; title_size=&#8221;18&#8243; title_weight=&#8221;700&#8243; title_bot_offset=&#8221;5&#8243; content_size=&#8221;14&#8243; content_line_height=&#8221;24&#8243; class=&#8221;im_message_text&#8221; ib_content=&#8221;Des services de haute qualit\u00e9 au meilleur prix !&#8221; ib_offsets=&#8221;.vc_custom_1614507283553{border-top-width: 1px !important;border-right-width: 1px !important;border-bottom-width: 1px !important;border-left-width: 1px !important;padding-top: 27px !important;padding-right: 45px !important;padding-bottom: 27px !important;padding-left: 45px !important;border-left-style: solid !important;border-right-style: solid !important;border-top-style: solid !important;border-bottom-style: solid !important;}&#8221; custom_icon_bg_width=&#8221;52&#8243; custom_icon_bg_height=&#8221;57&#8243; icon_offsets=&#8221;.vc_custom_1614507283574{margin-right: 17px !important;}&#8221; ib_title=&#8221;Qualit\u00e9 &#8211; Prix imbattable&#8221;][wgl_spacing spacer_size=&#8221;30px&#8221;][\/vc_column][\/vc_row][vc_row full_width=&#8221;stretch_row&#8221;][vc_column][wgl_spacing spacer_size=&#8221;70&#8243;][\/vc_column][\/vc_row][vc_row full_width=&#8221;stretch_row&#8221; parallax=&#8221;content-moving&#8221; css=&#8221;.vc_custom_1544804670727{background-image: url(https:\/\/etancheitestephane.com\/wp-content\/uploads\/2018\/12\/section_05-1.jpg?id=490) !important;}&#8221;][vc_column][wgl_spacing spacer_size=&#8221;28&#8243;][vc_row_inner][vc_column_inner width=&#8221;1\/2&#8243; offset=&#8221;vc_col-md-3&#8243;][wgl_counter counter_align=&#8221;center&#8221; icon_type=&#8221;none&#8221; title_color=&#8221;#ffffff&#8221; count_title=&#8221;Projets r\u00e9alis\u00e9s&#8221; count_value=&#8221;90&#8243; count_suffix=&#8221;+&#8221; custom_title_color=&#8221;true&#8221;][wgl_spacing spacer_size=&#8221;35&#8243;][\/vc_column_inner][vc_column_inner width=&#8221;1\/2&#8243; offset=&#8221;vc_col-md-3&#8243;][wgl_counter counter_align=&#8221;center&#8221; icon_type=&#8221;none&#8221; title_color=&#8221;#ffffff&#8221; count_title=&#8221;Clients satisfaits&#8221; count_value=&#8221;150&#8243; custom_title_color=&#8221;true&#8221;][wgl_spacing spacer_size=&#8221;35&#8243;][\/vc_column_inner][vc_column_inner width=&#8221;1\/2&#8243; offset=&#8221;vc_col-md-3&#8243;][wgl_counter counter_align=&#8221;center&#8221; icon_type=&#8221;none&#8221; title_color=&#8221;#ffffff&#8221; count_title=&#8221;Notre \u00e9quipe&#8221; count_value=&#8221;3&#8243; custom_title_color=&#8221;true&#8221;][wgl_spacing spacer_size=&#8221;35&#8243;][\/vc_column_inner][vc_column_inner width=&#8221;1\/2&#8243; offset=&#8221;vc_col-md-3&#8243;][wgl_counter counter_align=&#8221;center&#8221; icon_type=&#8221;none&#8221; title_color=&#8221;#ffffff&#8221; count_title=&#8221;Ann\u00e9es exp\u00e9riences&#8221; count_value=&#8221;15&#8243; custom_title_color=&#8221;true&#8221;][wgl_spacing spacer_size=&#8221;35&#8243;][\/vc_column_inner][\/vc_row_inner][wgl_spacing spacer_size=&#8221;10px&#8221;][\/vc_column][\/vc_row][vc_row full_width=&#8221;stretch_row&#8221; css=&#8221;.vc_custom_1544806796931{background-image: url(https:\/\/etancheitestephane.com\/wp-content\/uploads\/2018\/12\/section_05-2.jpg?id=497) !important;background-position: center !important;background-repeat: no-repeat !important;background-size: cover !important;}&#8221;][vc_column][wgl_spacing spacer_size=&#8221;17&#8243;][wgl_double_headings title_color=&#8221;#313131&#8243; subtitle_color=&#8221;#fdb900&#8243; title=&#8221;Ce que nos clients pensent de nous&#8221; subtitle=&#8221;T\u00e9moignages clients&#8221;][wgl_spacing spacer_size=&#8221;5&#8243;][wgl_testimonials item_type=&#8221;author_top_inline&#8221; item_grid=&#8221;3&#8243; pag_type=&#8221;circle_border&#8221; values=&#8221;%5B%7B%22quote%22%3A%22Ponctualit%C3%A9%2C%20Professionnalisme%2C%20Qualit%C3%A9%2C%20R%C3%A9activit%C3%A9%22%2C%22author_name%22%3A%22Damien%20Ballet%22%2C%22author_status%22%3A%22Particulier%22%7D%2C%7B%22quote%22%3A%22%C3%89quipe%20professionnelle%20et%20efficace.%20%5CnTravail%20de%20qualit%C3%A9%22%2C%22author_name%22%3A%22Ramazan%20SOYLU%22%2C%22author_status%22%3A%22Professionnel%22%7D%2C%7B%22quote%22%3A%22Travail%20impeccable%20en%20un%20temps%20record.%5CnSuper%20%C3%A9quipe%20tr%C3%A8s%20professionnel.%20%22%2C%22author_name%22%3A%22SARL%20Verdure%20panorama%22%2C%22author_status%22%3A%22Professionnel%22%7D%2C%7B%22quote%22%3A%22Contentieux%2C%20rigoureux%20et%20tr%C3%A8s%20professionnel.%20%22%2C%22author_name%22%3A%22Philippe%20Pichet%22%2C%22author_status%22%3A%22Particulier%22%7D%5D&#8221; use_carousel=&#8221;true&#8221; autoplay=&#8221;true&#8221;][wgl_spacing spacer_size=&#8221;24&#8243;][\/vc_column][\/vc_row]\n","protected":false},"excerpt":{"rendered":"<p>[vc_row][vc_column offset=&#8221;vc_col-md-6&#8243;][wgl_image_layers values=&#8221;%5B%7B%22thumbnail%22%3A%221177%22%2C%22image_animation%22%3A%22slide_up%22%2C%22image_order%22%3A%221%22%7D%5D&#8221;][\/vc_column][vc_column offset=&#8221;vc_col-lg-offset-1 vc_col-lg-5 vc_col-md-6&#8243;][wgl_spacing spacer_size=&#8221;38&#8243;][wgl_double_headings title_color=&#8221;#313131&#8243; subtitle_color=&#8221;#fdb900&#8243; title=&#8221;St\u00e9phane Etanch\u00e9it\u00e9&#8221; subtitle=&#8221;Notre exp\u00e9rience \u00e0 votre service&#8221;][wgl_spacing spacer_size=&#8221;22&#8243;][wgl_custom_text font_size=&#8221;18&#8243;]Avec plus de 15 ann\u00e9es d&#8217;exp\u00e9riences St\u00e9phane Etanch\u00e9it\u00e9 met tout son savoir-faire pour vous proposer des services de travaux d\u2019\u00e9tanch\u00e9it\u00e9 et d\u2019isolation de qualit\u00e9 : \u00c9tanch\u00e9it\u00e9 et isolation des toitures terrasse \u00c9tanch\u00e9it\u00e9 et isolation des parties enterr\u00e9es Terrasses [&hellip;]<\/p>\n","protected":false},"author":1,"featured_media":0,"parent":0,"menu_order":0,"comment_status":"closed","ping_status":"closed","template":"","meta":[],"_links":{"self":[{"href":"https:\/\/etancheitestephane.com\/index.php\/wp-json\/wp\/v2\/pages\/396"}],"collection":[{"href":"https:\/\/etancheitestephane.com\/index.php\/wp-json\/wp\/v2\/pages"}],"about":[{"href":"https:\/\/etancheitestephane.com\/index.php\/wp-json\/wp\/v2\/types\/page"}],"author":[{"embeddable":true,"href":"https:\/\/etancheitestephane.com\/index.php\/wp-json\/wp\/v2\/users\/1"}],"replies":[{"embeddable":true,"href":"https:\/\/etancheitestephane.com\/index.php\/wp-json\/wp\/v2\/comments?post=396"}],"version-history":[{"count":12,"href":"https:\/\/etancheitestephane.com\/index.php\/wp-json\/wp\/v2\/pages\/396\/revisions"}],"predecessor-version":[{"id":1220,"href":"https:\/\/etancheitestephane.com\/index.php\/wp-json\/wp\/v2\/pages\/396\/revisions\/1220"}],"wp:attachment":[{"href":"https:\/\/etancheitestephane.com\/index.php\/wp-json\/wp\/v2\/media?parent=396"}],"curies":[{"name":"wp","href":"https:\/\/api.w.org\/{rel}","templated":true}]}}