{"id":625,"date":"2018-12-17T09:22:44","date_gmt":"2018-12-17T09:22:44","guid":{"rendered":"http:\/\/builderry.webgeniuslab.net\/?page_id=625"},"modified":"2021-05-30T14:31:46","modified_gmt":"2021-05-30T12:31:46","slug":"nos-realisations","status":"publish","type":"page","link":"https:\/\/etancheitestephane.com\/index.php\/nos-realisations\/","title":{"rendered":"Nos r\u00e9alisations"},"content":{"rendered":"[vc_row][vc_column offset=&#8221;vc_col-lg-offset-1 vc_col-lg-10&#8243;][wgl_double_headings align=&#8221;center&#8221; title_color=&#8221;#313131&#8243; subtitle_color=&#8221;#fdb900&#8243; title=&#8221;D\u00e9couvrez nos travaux d&#8217;\u00e9tanch\u00e9it\u00e9 et d&#8217;isolation&#8221; subtitle=&#8221;Nos r\u00e9alisations&#8221;][wgl_spacing spacer_size=&#8221;22&#8243;][vc_column_text]\n<p style=\"text-align: center;\">Pour les projets petits ou grands, lorsque vous vous associez \u00e0 St\u00e9phan Etanch\u00e9it\u00e9, vous obtiendrez un r\u00e9sultat optimal.<\/p>\n<p style=\"text-align: center;\">Nous travaillons pour fournir une prestation de qualit\u00e9 perdurant dans le temps.<\/p>\n[\/vc_column_text][wgl_spacing spacer_size=&#8221;16&#8243;][\/vc_column][\/vc_row][vc_row][vc_column][wgl_spacing spacer_size=&#8221;30&#8243;]<section class=\"wgl_cpt_section\"><div class=\"wgl_portfolio_list\" id=\"portfolio_module_69e22eedb082e\"><div class=\"wgl_portfolio_list-container container-grid row grid portfolio_columns-4\"  style=\"margin-right:-15px; margin-left:-15px; margin-bottom:-30px;\"><article class=\"wgl_portfolio_list-item item wgl_col-3\"  style=\"padding-right:15px; padding-left:15px; padding-bottom:30px\"><div class=\"wgl_portfolio_item-wrapper inside_image h_align_left default_animation gallery_type\"><div class=\"wgl_portfolio_item-image\"><img  src=\"https:\/\/etancheitestephane.com\/wp-content\/uploads\/2018\/12\/1.G1-1-570x570.jpg\"  alt=\"\" \/><\/div><div class=\"wgl_portfolio_item-description\"><a href='https:\/\/etancheitestephane.com\/wp-content\/uploads\/2018\/12\/1.G1-1.jpg' class='swipebox'><\/a><\/div><div class=\"overlay\"><\/div><\/div><\/article><article class=\"wgl_portfolio_list-item item wgl_col-3\"  style=\"padding-right:15px; padding-left:15px; padding-bottom:30px\"><div class=\"wgl_portfolio_item-wrapper inside_image h_align_left default_animation gallery_type\"><div class=\"wgl_portfolio_item-image\"><img  src=\"https:\/\/etancheitestephane.com\/wp-content\/uploads\/2018\/12\/2.G2-1-570x570.jpg\"  alt=\"\" \/><\/div><div class=\"wgl_portfolio_item-description\"><a href='https:\/\/etancheitestephane.com\/wp-content\/uploads\/2018\/12\/2.G2-1.jpg' class='swipebox'><\/a><\/div><div class=\"overlay\"><\/div><\/div><\/article><article class=\"wgl_portfolio_list-item item wgl_col-3\"  style=\"padding-right:15px; padding-left:15px; padding-bottom:30px\"><div class=\"wgl_portfolio_item-wrapper inside_image h_align_left default_animation gallery_type\"><div class=\"wgl_portfolio_item-image\"><img  src=\"https:\/\/etancheitestephane.com\/wp-content\/uploads\/2018\/12\/3.A1-1-570x570.png\"  alt=\"\" \/><\/div><div class=\"wgl_portfolio_item-description\"><a href='https:\/\/etancheitestephane.com\/wp-content\/uploads\/2018\/12\/3.A1-1.png' class='swipebox'><\/a><\/div><div class=\"overlay\"><\/div><\/div><\/article><article class=\"wgl_portfolio_list-item item wgl_col-3\"  style=\"padding-right:15px; padding-left:15px; padding-bottom:30px\"><div class=\"wgl_portfolio_item-wrapper inside_image h_align_left default_animation gallery_type\"><div class=\"wgl_portfolio_item-image\"><img  src=\"https:\/\/etancheitestephane.com\/wp-content\/uploads\/2018\/12\/4.A2-1-570x570.jpg\"  alt=\"\" \/><\/div><div class=\"wgl_portfolio_item-description\"><a href='https:\/\/etancheitestephane.com\/wp-content\/uploads\/2018\/12\/4.A2-1.jpg' class='swipebox'><\/a><\/div><div class=\"overlay\"><\/div><\/div><\/article><article class=\"wgl_portfolio_list-item item wgl_col-3\"  style=\"padding-right:15px; padding-left:15px; padding-bottom:30px\"><div class=\"wgl_portfolio_item-wrapper inside_image h_align_left default_animation gallery_type\"><div class=\"wgl_portfolio_item-image\"><img  src=\"https:\/\/etancheitestephane.com\/wp-content\/uploads\/2018\/12\/5.A3-1-570x570.jpg\"  alt=\"\" \/><\/div><div class=\"wgl_portfolio_item-description\"><a href='https:\/\/etancheitestephane.com\/wp-content\/uploads\/2018\/12\/5.A3-1.jpg' class='swipebox'><\/a><\/div><div class=\"overlay\"><\/div><\/div><\/article><article class=\"wgl_portfolio_list-item item wgl_col-3\"  style=\"padding-right:15px; padding-left:15px; padding-bottom:30px\"><div class=\"wgl_portfolio_item-wrapper inside_image h_align_left default_animation gallery_type\"><div class=\"wgl_portfolio_item-image\"><img  src=\"https:\/\/etancheitestephane.com\/wp-content\/uploads\/2018\/12\/6.C3-570x570.jpg\"  alt=\"\" \/><\/div><div class=\"wgl_portfolio_item-description\"><a href='https:\/\/etancheitestephane.com\/wp-content\/uploads\/2018\/12\/6.C3.jpg' class='swipebox'><\/a><\/div><div class=\"overlay\"><\/div><\/div><\/article><article class=\"wgl_portfolio_list-item item wgl_col-3\"  style=\"padding-right:15px; padding-left:15px; padding-bottom:30px\"><div class=\"wgl_portfolio_item-wrapper inside_image h_align_left default_animation gallery_type\"><div class=\"wgl_portfolio_item-image\"><img  src=\"https:\/\/etancheitestephane.com\/wp-content\/uploads\/2018\/12\/7.D1-570x570.png\"  alt=\"\" \/><\/div><div class=\"wgl_portfolio_item-description\"><a href='https:\/\/etancheitestephane.com\/wp-content\/uploads\/2018\/12\/7.D1.png' class='swipebox'><\/a><\/div><div class=\"overlay\"><\/div><\/div><\/article><article class=\"wgl_portfolio_list-item item wgl_col-3\"  style=\"padding-right:15px; padding-left:15px; padding-bottom:30px\"><div class=\"wgl_portfolio_item-wrapper inside_image h_align_left default_animation gallery_type\"><div class=\"wgl_portfolio_item-image\"><img  src=\"https:\/\/etancheitestephane.com\/wp-content\/uploads\/2018\/12\/8.D2-570x570.jpg\"  alt=\"\" \/><\/div><div class=\"wgl_portfolio_item-description\"><a href='https:\/\/etancheitestephane.com\/wp-content\/uploads\/2018\/12\/8.D2.jpg' class='swipebox'><\/a><\/div><div class=\"overlay\"><\/div><\/div><\/article><article class=\"wgl_portfolio_list-item item wgl_col-3\"  style=\"padding-right:15px; padding-left:15px; padding-bottom:30px\"><div class=\"wgl_portfolio_item-wrapper inside_image h_align_left default_animation gallery_type\"><div class=\"wgl_portfolio_item-image\"><img  src=\"https:\/\/etancheitestephane.com\/wp-content\/uploads\/2018\/12\/9.B1-570x570.jpg\"  alt=\"\" \/><\/div><div class=\"wgl_portfolio_item-description\"><a href='https:\/\/etancheitestephane.com\/wp-content\/uploads\/2018\/12\/9.B1.jpg' class='swipebox'><\/a><\/div><div class=\"overlay\"><\/div><\/div><\/article><article class=\"wgl_portfolio_list-item item wgl_col-3\"  style=\"padding-right:15px; padding-left:15px; padding-bottom:30px\"><div class=\"wgl_portfolio_item-wrapper inside_image h_align_left default_animation gallery_type\"><div class=\"wgl_portfolio_item-image\"><img  src=\"https:\/\/etancheitestephane.com\/wp-content\/uploads\/2018\/12\/9.B2-1-570x570.jpg\"  alt=\"\" \/><\/div><div class=\"wgl_portfolio_item-description\"><a href='https:\/\/etancheitestephane.com\/wp-content\/uploads\/2018\/12\/9.B2-1.jpg' class='swipebox'><\/a><\/div><div class=\"overlay\"><\/div><\/div><\/article><article class=\"wgl_portfolio_list-item item wgl_col-3\"  style=\"padding-right:15px; padding-left:15px; padding-bottom:30px\"><div class=\"wgl_portfolio_item-wrapper inside_image h_align_left default_animation gallery_type\"><div class=\"wgl_portfolio_item-image\"><img  src=\"https:\/\/etancheitestephane.com\/wp-content\/uploads\/2018\/12\/10.B3-1-570x570.jpg\"  alt=\"\" \/><\/div><div class=\"wgl_portfolio_item-description\"><a href='https:\/\/etancheitestephane.com\/wp-content\/uploads\/2018\/12\/10.B3-1.jpg' class='swipebox'><\/a><\/div><div class=\"overlay\"><\/div><\/div><\/article><article class=\"wgl_portfolio_list-item item wgl_col-3\"  style=\"padding-right:15px; padding-left:15px; padding-bottom:30px\"><div class=\"wgl_portfolio_item-wrapper inside_image h_align_left default_animation gallery_type\"><div class=\"wgl_portfolio_item-image\"><img  src=\"https:\/\/etancheitestephane.com\/wp-content\/uploads\/2018\/12\/11.E1-1-570x570.jpg\"  alt=\"\" \/><\/div><div class=\"wgl_portfolio_item-description\"><a href='https:\/\/etancheitestephane.com\/wp-content\/uploads\/2018\/12\/11.E1-1.jpg' class='swipebox'><\/a><\/div><div class=\"overlay\"><\/div><\/div><\/article><\/div><div class=\"clear\"><\/div><div class=\"text-center load_more_wrapper\"><a href=\"#\" class=\"load_more_item\"><span>Load More<\/span><\/a><form class='posts_grid_ajax'><input type='hidden' class='ajax_data' name='69e22eedb713b_ajax_data' value='{&quot;posts_per_row&quot;:&quot;4&quot;,&quot;show_filter&quot;:&quot;&quot;,&quot;crop_images&quot;:&quot;yes&quot;,&quot;view_style&quot;:&quot;ajax&quot;,&quot;show_loadmore&quot;:&quot;yes&quot;,&quot;items_load&quot;:&quot;10&quot;,&quot;show_portfolio_title&quot;:&quot;&quot;,&quot;show_meta_categories&quot;:&quot;&quot;,&quot;custom_main_color&quot;:&quot;#fdb900&quot;,&quot;custom_filter_color&quot;:&quot;#fdb900&quot;,&quot;custom_headings_color&quot;:&quot;#313131&quot;,&quot;custom_content_color&quot;:&quot;#44464a&quot;,&quot;heading_font_size&quot;:&quot;30&quot;,&quot;content_font_size&quot;:&quot;16&quot;,&quot;button_text_color&quot;:&quot;#313131&quot;,&quot;button_text_color_hover&quot;:&quot;#ffffff&quot;,&quot;button_bg_color&quot;:&quot;#ffffff&quot;,&quot;button_bg_color_hover&quot;:&quot;&quot;,&quot;button_border_color&quot;:&quot;&quot;,&quot;button_border_color_hover&quot;:&quot;&quot;,&quot;number_of_posts&quot;:&quot;12&quot;,&quot;order_by&quot;:&quot;date&quot;,&quot;order&quot;:&quot;ASC&quot;,&quot;filter_style&quot;:&quot;def&quot;,&quot;filter_align&quot;:&quot;center&quot;,&quot;portfolio_layout&quot;:&quot;grid&quot;,&quot;show_pagination&quot;:&quot;&quot;,&quot;grid_gap&quot;:&quot;30px&quot;,&quot;featured_render&quot;:&quot;&quot;,&quot;css_animation&quot;:&quot;&quot;,&quot;css&quot;:&quot;&quot;,&quot;item_el_class&quot;:&quot;&quot;,&quot;portfolio_navigation_align&quot;:&quot;left&quot;,&quot;click_area&quot;:&quot;popup&quot;,&quot;info_position&quot;:&quot;inside_image&quot;,&quot;image_anim&quot;:&quot;default&quot;,&quot;horizontal_align&quot;:&quot;left&quot;,&quot;show_content&quot;:&quot;&quot;,&quot;show_meta_author&quot;:&quot;&quot;,&quot;show_meta_date&quot;:&quot;&quot;,&quot;show_comments&quot;:&quot;&quot;,&quot;show_likes&quot;:&quot;&quot;,&quot;content_letter_count&quot;:&quot;85&quot;,&quot;autoplay&quot;:false,&quot;autoplay_speed&quot;:&quot;3000&quot;,&quot;multiple_items&quot;:false,&quot;use_pagination&quot;:true,&quot;pag_type&quot;:&quot;circle&quot;,&quot;pag_offset&quot;:&quot;&quot;,&quot;custom_pag_color&quot;:false,&quot;pag_color&quot;:&quot;#fdb900&quot;,&quot;custom_resp&quot;:false,&quot;resp_medium&quot;:&quot;1025&quot;,&quot;resp_medium_slides&quot;:&quot;&quot;,&quot;resp_tablets&quot;:&quot;800&quot;,&quot;resp_tablets_slides&quot;:&quot;&quot;,&quot;resp_mobile&quot;:&quot;480&quot;,&quot;resp_mobile_slides&quot;:&quot;&quot;,&quot;custom_portfolio_style&quot;:&quot;&quot;,&quot;custom_fonts_portfolio_content&quot;:&quot;&quot;,&quot;google_fonts_portfolio&quot;:&quot;&quot;,&quot;custom_fonts_portfolio_headings&quot;:&quot;&quot;,&quot;google_fonts_portfolio_headings&quot;:&quot;&quot;,&quot;bg_color_type&quot;:&quot;color&quot;,&quot;background_color&quot;:&quot;rgba(33, 33, 34, 0.7)&quot;,&quot;background_gradient_start&quot;:&quot;&quot;,&quot;background_gradient_end&quot;:&quot;&quot;,&quot;add_first_item&quot;:false,&quot;title&quot;:&quot;&quot;,&quot;subtitle&quot;:&quot;&quot;,&quot;bgtitle&quot;:&quot;&quot;,&quot;add_button&quot;:false,&quot;button_title&quot;:&quot;&quot;,&quot;content&quot;:&quot;&quot;,&quot;link&quot;:&quot;&quot;,&quot;custom_button&quot;:false,&quot;mb_pf_carousel_r&quot;:&quot;&quot;,&quot;post_count&quot;:12,&quot;found_posts&quot;:22,&quot;query_args&quot;:{&quot;post_status&quot;:&quot;publish&quot;,&quot;posts_per_page&quot;:12,&quot;orderby&quot;:&quot;date&quot;,&quot;order&quot;:&quot;ASC&quot;,&quot;paged&quot;:1,&quot;post_type&quot;:&quot;portfolio&quot;}}' \/><\/form><\/div><\/div><\/section>[wgl_spacing spacer_size=&#8221;60&#8243;][\/vc_column][\/vc_row]\n","protected":false},"excerpt":{"rendered":"<p>[vc_row][vc_column offset=&#8221;vc_col-lg-offset-1 vc_col-lg-10&#8243;][wgl_double_headings align=&#8221;center&#8221; title_color=&#8221;#313131&#8243; subtitle_color=&#8221;#fdb900&#8243; title=&#8221;D\u00e9couvrez nos travaux d&#8217;\u00e9tanch\u00e9it\u00e9 et d&#8217;isolation&#8221; subtitle=&#8221;Nos r\u00e9alisations&#8221;][wgl_spacing spacer_size=&#8221;22&#8243;][vc_column_text] Pour les projets petits ou grands, lorsque vous vous associez \u00e0 St\u00e9phan Etanch\u00e9it\u00e9, vous obtiendrez un r\u00e9sultat optimal. Nous travaillons pour fournir une prestation de qualit\u00e9 perdurant dans le temps. [\/vc_column_text][wgl_spacing spacer_size=&#8221;16&#8243;][\/vc_column][\/vc_row][vc_row][vc_column][wgl_spacing spacer_size=&#8221;30&#8243;][wgl_spacing spacer_size=&#8221;60&#8243;][\/vc_column][\/vc_row]<\/p>\n","protected":false},"author":1,"featured_media":0,"parent":0,"menu_order":0,"comment_status":"closed","ping_status":"closed","template":"","meta":[],"_links":{"self":[{"href":"https:\/\/etancheitestephane.com\/index.php\/wp-json\/wp\/v2\/pages\/625"}],"collection":[{"href":"https:\/\/etancheitestephane.com\/index.php\/wp-json\/wp\/v2\/pages"}],"about":[{"href":"https:\/\/etancheitestephane.com\/index.php\/wp-json\/wp\/v2\/types\/page"}],"author":[{"embeddable":true,"href":"https:\/\/etancheitestephane.com\/index.php\/wp-json\/wp\/v2\/users\/1"}],"replies":[{"embeddable":true,"href":"https:\/\/etancheitestephane.com\/index.php\/wp-json\/wp\/v2\/comments?post=625"}],"version-history":[{"count":4,"href":"https:\/\/etancheitestephane.com\/index.php\/wp-json\/wp\/v2\/pages\/625\/revisions"}],"predecessor-version":[{"id":1291,"href":"https:\/\/etancheitestephane.com\/index.php\/wp-json\/wp\/v2\/pages\/625\/revisions\/1291"}],"wp:attachment":[{"href":"https:\/\/etancheitestephane.com\/index.php\/wp-json\/wp\/v2\/media?parent=625"}],"curies":[{"name":"wp","href":"https:\/\/api.w.org\/{rel}","templated":true}]}}