{"id":633,"date":"2018-12-17T09:34:48","date_gmt":"2018-12-17T09:34:48","guid":{"rendered":"http:\/\/builderry.webgeniuslab.net\/?page_id=633"},"modified":"2021-03-05T11:58:31","modified_gmt":"2021-03-05T10:58:31","slug":"nous-contacter","status":"publish","type":"page","link":"https:\/\/etancheitestephane.com\/index.php\/nous-contacter\/","title":{"rendered":"Nous contacter"},"content":{"rendered":"[vc_row][vc_column width=&#8221;1\/2&#8243; offset=&#8221;vc_col-lg-5&#8243;][wgl_double_headings title_color=&#8221;#313131&#8243; subtitle_color=&#8221;#fdb900&#8243; title=&#8221;Nous contacter&#8221; subtitle=&#8221;St\u00e9phane Etanch\u00e9it\u00e9 \u00e0 votre service&#8221;][wgl_spacing spacer_size=&#8221;22&#8243;][vc_column_text]Au fil des ans, St\u00e9phane Etanch\u00e9it\u00e9 accompagne les particuliers et les entreprises dans leurs projets d&#8217;\u00e9tanch\u00e9it\u00e9 et d&#8217;isolation.<\/p>\n<p>Contactez-nous d\u00e8s aujourd&#8217;hui pour d\u00e9couvrir comment nous pouvons vous aider. Devis gratuit sous 48h ![\/vc_column_text][wgl_spacing spacer_size=&#8221;24&#8243;][wgl_info_box ib_layout=&#8221;left&#8221; icon_type=&#8221;font&#8221; icon_font_type=&#8221;type_flaticon&#8221; icon_flaticon=&#8221;flaticon-mail&#8221; title_size=&#8221;18&#8243; title_bot_offset=&#8221;0&#8243; ib_title=&#8221;E-mail:&#8221; ib_content=&#8221;setancheite01@gmail.com&#8221; custom_icon_bg_width=&#8221;40&#8243; custom_icon_bg_height=&#8221;50&#8243; icon_offsets=&#8221;.vc_custom_1614513155529{margin-right: 30px !important;}&#8221;][wgl_spacing spacer_size=&#8221;20&#8243;][wgl_info_box ib_layout=&#8221;left&#8221; icon_type=&#8221;font&#8221; icon_font_type=&#8221;type_flaticon&#8221; icon_flaticon=&#8221;flaticon-phone&#8221; title_size=&#8221;18&#8243; title_bot_offset=&#8221;0&#8243; ib_title=&#8221;T\u00e9l\u00e9phone&#8221; ib_content=&#8221;06.58.03.13.45&#8243; custom_icon_bg_width=&#8221;40&#8243; custom_icon_bg_height=&#8221;50&#8243; icon_offsets=&#8221;.vc_custom_1614513253944{margin-right: 30px !important;}&#8221;][\/vc_column][vc_column width=&#8221;1\/2&#8243; offset=&#8221;vc_col-lg-offset-1&#8243; css=&#8221;.vc_custom_1545047395474{margin-top: 15px !important;padding-top: 0px !important;padding-right: 45px !important;padding-left: 45px !important;background-color: #ffffff !important;}&#8221; el_class=&#8221;box-shadow-1 fullwidth-input&#8221;][wgl_spacing spacer_size=&#8221;38&#8243;][wgl_custom_text font_size=&#8221;30&#8243;]\n<h3>Demander un Devis Gratuit en 48h<\/h3>\n[\/wgl_custom_text][wgl_spacing spacer_size=&#8221;24&#8243;]<div role=\"form\" class=\"wpcf7\" id=\"wpcf7-f1212-o1\" lang=\"fr-FR\" dir=\"ltr\">\n<div class=\"screen-reader-response\"><p role=\"status\" aria-live=\"polite\" aria-atomic=\"true\"><\/p> <ul><\/ul><\/div>\n<form action=\"\/index.php\/wp-json\/wp\/v2\/pages\/633#wpcf7-f1212-o1\" method=\"post\" class=\"wpcf7-form init\" novalidate=\"novalidate\" data-status=\"init\">\n<div style=\"display: none;\">\n<input type=\"hidden\" name=\"_wpcf7\" value=\"1212\" \/>\n<input type=\"hidden\" name=\"_wpcf7_version\" value=\"5.4\" \/>\n<input type=\"hidden\" name=\"_wpcf7_locale\" value=\"fr_FR\" \/>\n<input type=\"hidden\" name=\"_wpcf7_unit_tag\" value=\"wpcf7-f1212-o1\" \/>\n<input type=\"hidden\" name=\"_wpcf7_container_post\" value=\"0\" \/>\n<input type=\"hidden\" name=\"_wpcf7_posted_data_hash\" value=\"\" \/>\n<input type=\"hidden\" name=\"_wpcf7_recaptcha_response\" value=\"\" \/>\n<\/div>\n<p><label> Votre nom<br \/>\n    <span class=\"wpcf7-form-control-wrap your-name\"><input type=\"text\" name=\"your-name\" value=\"\" size=\"40\" class=\"wpcf7-form-control wpcf7-text wpcf7-validates-as-required\" aria-required=\"true\" aria-invalid=\"false\" \/><\/span> <\/label><\/p>\n<p><label> Votre e-mail<br \/>\n    <span class=\"wpcf7-form-control-wrap your-email\"><input type=\"email\" name=\"your-email\" value=\"\" size=\"40\" class=\"wpcf7-form-control wpcf7-text wpcf7-email wpcf7-validates-as-required wpcf7-validates-as-email\" aria-required=\"true\" aria-invalid=\"false\" \/><\/span> <\/label><\/p>\n<p><label> Votre N\u00b0 tel<br \/>\n<span class=\"wpcf7-form-control-wrap Tel\"><input type=\"tel\" name=\"Tel\" value=\"\" size=\"40\" class=\"wpcf7-form-control wpcf7-text wpcf7-tel wpcf7-validates-as-required wpcf7-validates-as-tel\" aria-required=\"true\" aria-invalid=\"false\" \/><\/span> <\/label><\/p>\n<p><label> Soci\u00e9t\u00e9<br \/>\n    <span class=\"wpcf7-form-control-wrap your-subject\"><input type=\"text\" name=\"your-subject\" value=\"\" size=\"40\" class=\"wpcf7-form-control wpcf7-text wpcf7-validates-as-required\" aria-required=\"true\" aria-invalid=\"false\" \/><\/span> <\/label><\/p>\n<p><label> Votre projet<br \/>\n    <span class=\"wpcf7-form-control-wrap your-message\"><textarea name=\"your-message\" cols=\"40\" rows=\"10\" class=\"wpcf7-form-control wpcf7-textarea\" aria-invalid=\"false\"><\/textarea><\/span> <\/label><\/p>\n<p><input type=\"submit\" value=\"Envoyer\" class=\"wpcf7-form-control wpcf7-submit\" \/><\/p>\n<p style=\"display: none !important;\"><label>&#916;<textarea name=\"_wpcf7_ak_hp_textarea\" cols=\"45\" rows=\"8\" maxlength=\"100\"><\/textarea><\/label><input type=\"hidden\" id=\"ak_js_1\" name=\"_wpcf7_ak_js\" value=\"138\"\/><script>document.getElementById( \"ak_js_1\" ).setAttribute( \"value\", ( new Date() ).getTime() );<\/script><\/p><div class=\"wpcf7-response-output\" aria-hidden=\"true\"><\/div><\/form><\/div>[wgl_custom_text font_size=&#8221;13&#8243; line_height=&#8221;20&#8243;]* Vous acceptez les termes de la politique de confidentialit\u00e9[\/wgl_custom_text][wgl_spacing spacer_size=&#8221;38&#8243;][\/vc_column][\/vc_row][vc_row][vc_column][wgl_spacing spacer_size=&#8221;25&#8243;][\/vc_column][\/vc_row]\n","protected":false},"excerpt":{"rendered":"<p>[vc_row][vc_column width=&#8221;1\/2&#8243; offset=&#8221;vc_col-lg-5&#8243;][wgl_double_headings title_color=&#8221;#313131&#8243; subtitle_color=&#8221;#fdb900&#8243; title=&#8221;Nous contacter&#8221; subtitle=&#8221;St\u00e9phane Etanch\u00e9it\u00e9 \u00e0 votre service&#8221;][wgl_spacing spacer_size=&#8221;22&#8243;][vc_column_text]Au fil des ans, St\u00e9phane Etanch\u00e9it\u00e9 accompagne les particuliers et les entreprises dans leurs projets d&#8217;\u00e9tanch\u00e9it\u00e9 et d&#8217;isolation. Contactez-nous d\u00e8s aujourd&#8217;hui pour d\u00e9couvrir comment nous pouvons vous aider. Devis gratuit sous 48h ![\/vc_column_text][wgl_spacing spacer_size=&#8221;24&#8243;][wgl_info_box ib_layout=&#8221;left&#8221; icon_type=&#8221;font&#8221; icon_font_type=&#8221;type_flaticon&#8221; icon_flaticon=&#8221;flaticon-mail&#8221; title_size=&#8221;18&#8243; title_bot_offset=&#8221;0&#8243; ib_title=&#8221;E-mail:&#8221; ib_content=&#8221;setancheite01@gmail.com&#8221; custom_icon_bg_width=&#8221;40&#8243; [&hellip;]<\/p>\n","protected":false},"author":1,"featured_media":0,"parent":0,"menu_order":0,"comment_status":"closed","ping_status":"closed","template":"","meta":[],"_links":{"self":[{"href":"https:\/\/etancheitestephane.com\/index.php\/wp-json\/wp\/v2\/pages\/633"}],"collection":[{"href":"https:\/\/etancheitestephane.com\/index.php\/wp-json\/wp\/v2\/pages"}],"about":[{"href":"https:\/\/etancheitestephane.com\/index.php\/wp-json\/wp\/v2\/types\/page"}],"author":[{"embeddable":true,"href":"https:\/\/etancheitestephane.com\/index.php\/wp-json\/wp\/v2\/users\/1"}],"replies":[{"embeddable":true,"href":"https:\/\/etancheitestephane.com\/index.php\/wp-json\/wp\/v2\/comments?post=633"}],"version-history":[{"count":6,"href":"https:\/\/etancheitestephane.com\/index.php\/wp-json\/wp\/v2\/pages\/633\/revisions"}],"predecessor-version":[{"id":1214,"href":"https:\/\/etancheitestephane.com\/index.php\/wp-json\/wp\/v2\/pages\/633\/revisions\/1214"}],"wp:attachment":[{"href":"https:\/\/etancheitestephane.com\/index.php\/wp-json\/wp\/v2\/media?parent=633"}],"curies":[{"name":"wp","href":"https:\/\/api.w.org\/{rel}","templated":true}]}}