{"id":702,"date":"2018-12-18T07:51:55","date_gmt":"2018-12-18T07:51:55","guid":{"rendered":"http:\/\/builderry.webgeniuslab.net\/?page_id=702"},"modified":"2021-05-30T14:17:40","modified_gmt":"2021-05-30T12:17:40","slug":"nos-services","status":"publish","type":"page","link":"https:\/\/etancheitestephane.com\/index.php\/nos-services\/","title":{"rendered":"Nos Services"},"content":{"rendered":"[vc_row full_width=&#8221;stretch_row&#8221; z_index=&#8221;2&#8243;][vc_column][vc_row_inner][vc_column_inner offset=&#8221;vc_col-md-6&#8243;][vc_column_text]<img loading=\"lazy\" class=\"image-responsive alignnone wp-image-1184\" style=\"max-width: 128%; margin-left: -28%;\" src=\"https:\/\/etancheitestephane.com\/wp-content\/uploads\/2021\/03\/TRACTEUR-min-1-300x169.png\" alt=\"\" width=\"1178\" height=\"664\" srcset=\"https:\/\/etancheitestephane.com\/wp-content\/uploads\/2021\/03\/TRACTEUR-min-1-300x169.png 300w, https:\/\/etancheitestephane.com\/wp-content\/uploads\/2021\/03\/TRACTEUR-min-1.png 768w\" sizes=\"(max-width: 1178px) 100vw, 1178px\" \/>[\/vc_column_text][wgl_spacing spacer_size=&#8221;0&#8243; screen_tablet=&#8221;992&#8243; responsive_tablet=&#8221;true&#8221; size_tablet=&#8221;40&#8243;][\/vc_column_inner][vc_column_inner offset=&#8221;vc_col-lg-offset-1 vc_col-lg-5 vc_col-md-6&#8243;][wgl_double_headings title_color=&#8221;#313131&#8243; subtitle_color=&#8221;#fdb900&#8243; title=&#8221;Nos domaines d&#8217;expertises&#8221; subtitle=&#8221;Nos services&#8221; responsive_font=&#8221;true&#8221; font_size_mobile=&#8221;29&#8243;][wgl_spacing spacer_size=&#8221;22&#8243;][vc_column_text]Que vous soyez architecte, ma\u00eetre d&#8217;\u0153uvre, ma\u00eetre d&#8217;ouvrage, r\u00e9gie, syndic d&#8217;immeuble ou particulier, St\u00e9phane Etanch\u00e9it\u00e9 vous accompagne dans vos projets d&#8217;\u00e9tanch\u00e9it\u00e9 d\u00e8s leur conception jusqu\u2019\u00e0 leur r\u00e9alisation, tant dans le domaine du neuf que de la r\u00e9habilitation.<\/p>\n<p>Chacune de nos prestations vous garantiront enti\u00e8re satisfaction. Faites confiance d\u00e8s maintenant \u00e0 notre entreprise et \u00e0 notre savoir-faire depuis plus de 15 ans.[\/vc_column_text][wgl_spacing spacer_size=&#8221;16&#8243;][vc_column_text]\n<ul class=\"builderry_plus\">\n<li>\u00c9tanch\u00e9it\u00e9 et isolation des toitures terrasses<\/li>\n<li>\u00c9tanch\u00e9it\u00e9 et isolation des parties enterr\u00e9es<\/li>\n<li>Terrasses V\u00e9g\u00e9talisation<\/li>\n<li>Pose des dalles sur plot Couverture<\/li>\n<li>Entretien \/ nettoyage de toiture<\/li>\n<li><span style=\"font-size: 16px;\">Recherche de fuite<\/span><\/li>\n<\/ul>\n[\/vc_column_text][\/vc_column_inner][\/vc_row_inner][wgl_spacing spacer_size=&#8221;66&#8243; screen_tablet=&#8221;768&#8243; responsive_tablet=&#8221;true&#8221; size_tablet=&#8221;50&#8243;][\/vc_column][\/vc_row][vc_row z_index=&#8221;2&#8243; css=&#8221;.vc_custom_1545136788991{margin-bottom: -90px !important;background-image: url(https:\/\/etancheitestephane.com\/wp-content\/uploads\/2018\/12\/call_to_action_bg.jpg?id=379) !important;}&#8221; el_class=&#8221;custom-shadow&#8221;][vc_column][wgl_spacing spacer_size=&#8221;18&#8243; screen_tablet=&#8221;992&#8243; responsive_tablet=&#8221;true&#8221; size_tablet=&#8221;0&#8243;][vc_row_inner][vc_column_inner offset=&#8221;vc_col-lg-offset-1 vc_col-lg-8 vc_col-md-9&#8243;][wgl_custom_text font_size=&#8221;40&#8243; line_height=&#8221;46&#8243; line_height_mobile=&#8221;33&#8243; responsive_font_mobile=&#8221;true&#8221; font_size_mobile=&#8221;33&#8243;]\n<h2><span style=\"color: #ffffff;\">Vous avez un projet ?<\/span><\/h2>\n[\/wgl_custom_text][wgl_custom_text font_size=&#8221;14&#8243; line_height=&#8221;28&#8243;]<span style=\"color: #ffffff;\">Nous serons ravis de vous accompagner<\/span>[\/wgl_custom_text][\/vc_column_inner][vc_column_inner offset=&#8221;vc_col-md-2&#8243;][wgl_spacing spacer_size=&#8221;8&#8243; screen_tablet=&#8221;992&#8243; responsive_tablet=&#8221;true&#8221; size_tablet=&#8221;22&#8243;][wgl_button button_text=&#8221;ENTRER EN CONTACT&#8221; customize=&#8221;color&#8221; text_color=&#8221;#313131&#8243; text_color_hover=&#8221;#ffffff&#8221; bg_color=&#8221;#ffffff&#8221; bg_color_hover=&#8221;#313131&#8243; border_color=&#8221;#ffffff&#8221; border_color_hover=&#8221;#313131&#8243; link=&#8221;url:https%3A%2F%2Fetancheitestephane.com%2Findex.php%2Fnous-contacter%2F&#8221;][\/vc_column_inner][\/vc_row_inner][wgl_spacing spacer_size=&#8221;43&#8243; screen_tablet=&#8221;992&#8243; responsive_tablet=&#8221;true&#8221; size_tablet=&#8221;22&#8243;][\/vc_column][\/vc_row][vc_row full_width=&#8221;stretch_row&#8221; css=&#8221;.vc_custom_1614941066602{background-image: url(https:\/\/etancheitestephane.com\/wp-content\/uploads\/2021\/03\/SE2-2.png?id=1182) !important;background-position: center !important;background-repeat: no-repeat !important;background-size: cover !important;}&#8221; el_class=&#8221;o-visible&#8221;][vc_column][wgl_spacing spacer_size=&#8221;65&#8243; screen_tablet=&#8221;768&#8243; responsive_tablet=&#8221;true&#8221; size_tablet=&#8221;140&#8243;][vc_row_inner][vc_column_inner offset=&#8221;vc_col-lg-offset-1 vc_col-lg-10&#8243;][wgl_double_headings align=&#8221;center&#8221; title_color=&#8221;#ffffff&#8221; subtitle_color=&#8221;#fdb900&#8243; title=&#8221;Notre expertise \u00e0 votre service&#8221; subtitle=&#8221;Nos prestations&#8221; custom_title_color=&#8221;true&#8221; responsive_font=&#8221;true&#8221; font_size_mobile=&#8221;28&#8243;][wgl_spacing spacer_size=&#8221;21&#8243;][vc_column_text]\n<p style=\"text-align: center;\"><span style=\"color: #ffffff;\">St\u00e9phane Etanch\u00e9it\u00e9 est une entreprise sp\u00e9cialis\u00e9e dans l&#8217;\u00e9tanch\u00e9it\u00e9 et l&#8217;isolation qui fournit des prestations de qualit\u00e9 sup\u00e9rieure perdurant dans le temps \u00e0 des prix comp\u00e9titifs. .<\/span><\/p>\n[\/vc_column_text][\/vc_column_inner][\/vc_row_inner][wgl_spacing spacer_size=&#8221;43&#8243;][vc_row_inner][vc_column_inner width=&#8221;1\/2&#8243; offset=&#8221;vc_col-md-4&#8243;][wgl_services service_anim=&#8221;back_slide&#8221; service_align=&#8221;center&#8221; front_icon_type=&#8221;font&#8221; front_icon_font_type=&#8221;type_flaticon&#8221; icon_flaticon=&#8221;flaticon-spatula&#8221; front_icon_color=&#8221;#fdb900&#8243; front_descr_color=&#8221;#dddddd&#8221; back_bg_style=&#8221;back_image&#8221; front_title=&#8221;Mat\u00e9riaux de qualit\u00e9&#8221; front_descr=&#8221;Nous utilisons que des mat\u00e9riaux de haute qualit\u00e9 perdurant dans le temps.&#8221; back_bg_image=&#8221;1184&#8243;][wgl_spacing spacer_size=&#8221;30px&#8221;][\/vc_column_inner][vc_column_inner width=&#8221;1\/2&#8243; offset=&#8221;vc_col-md-4&#8243;][wgl_services service_anim=&#8221;back_slide&#8221; anim_dir=&#8221;to_bottom&#8221; service_align=&#8221;center&#8221; front_icon_type=&#8221;font&#8221; front_icon_font_type=&#8221;type_flaticon&#8221; icon_flaticon=&#8221;flaticon-gear-3&#8243; front_icon_color=&#8221;#fdb900&#8243; front_descr_color=&#8221;#dddddd&#8221; back_bg_style=&#8221;back_image&#8221; front_title=&#8221;Une attention aux moindres d\u00e9tails&#8221; front_descr=&#8221;Nous essayons de r\u00e9aliser nos travaux d&#8217;\u00e9tanch\u00e9it\u00e9 et d&#8217;isolation jusqu&#8217;\u00e0 \u00e9galer la perfection.&#8221; back_bg_image=&#8221;1145&#8243;][wgl_spacing spacer_size=&#8221;30px&#8221;][\/vc_column_inner][vc_column_inner width=&#8221;1\/3&#8243; offset=&#8221;vc_hidden-sm vc_hidden-xs&#8221;][wgl_services service_anim=&#8221;back_slide&#8221; anim_dir=&#8221;to_left&#8221; service_align=&#8221;center&#8221; front_icon_type=&#8221;font&#8221; front_icon_font_type=&#8221;type_flaticon&#8221; icon_flaticon=&#8221;flaticon-ruler&#8221; front_icon_color=&#8221;#fdb900&#8243; front_descr_color=&#8221;#dddddd&#8221; back_bg_style=&#8221;back_image&#8221; front_title=&#8221;15 ann\u00e9es d&#8217;expertises&#8221; front_descr=&#8221;Nous r\u00e9alisons des petits et grands projets d&#8217;isolations et d&#8217;\u00e9tanch\u00e9it\u00e9 depuis plus de 8 ans.&#8221; back_bg_image=&#8221;1158&#8243;][wgl_spacing spacer_size=&#8221;30px&#8221;][\/vc_column_inner][\/vc_row_inner][wgl_spacing spacer_size=&#8221;7&#8243; screen_tablet=&#8221;768&#8243; responsive_tablet=&#8221;true&#8221; size_tablet=&#8221;54&#8243;][\/vc_column][\/vc_row]\n","protected":false},"excerpt":{"rendered":"<p>[vc_row full_width=&#8221;stretch_row&#8221; z_index=&#8221;2&#8243;][vc_column][vc_row_inner][vc_column_inner offset=&#8221;vc_col-md-6&#8243;][vc_column_text][\/vc_column_text][wgl_spacing spacer_size=&#8221;0&#8243; screen_tablet=&#8221;992&#8243; responsive_tablet=&#8221;true&#8221; size_tablet=&#8221;40&#8243;][\/vc_column_inner][vc_column_inner offset=&#8221;vc_col-lg-offset-1 vc_col-lg-5 vc_col-md-6&#8243;][wgl_double_headings title_color=&#8221;#313131&#8243; subtitle_color=&#8221;#fdb900&#8243; title=&#8221;Nos domaines d&#8217;expertises&#8221; subtitle=&#8221;Nos services&#8221; responsive_font=&#8221;true&#8221; font_size_mobile=&#8221;29&#8243;][wgl_spacing spacer_size=&#8221;22&#8243;][vc_column_text]Que vous soyez architecte, ma\u00eetre d&#8217;\u0153uvre, ma\u00eetre d&#8217;ouvrage, r\u00e9gie, syndic d&#8217;immeuble ou particulier, St\u00e9phane Etanch\u00e9it\u00e9 vous accompagne dans vos projets d&#8217;\u00e9tanch\u00e9it\u00e9 d\u00e8s leur conception jusqu\u2019\u00e0 leur r\u00e9alisation, tant dans le domaine du neuf que de [&hellip;]<\/p>\n","protected":false},"author":1,"featured_media":0,"parent":0,"menu_order":0,"comment_status":"closed","ping_status":"closed","template":"","meta":[],"_links":{"self":[{"href":"https:\/\/etancheitestephane.com\/index.php\/wp-json\/wp\/v2\/pages\/702"}],"collection":[{"href":"https:\/\/etancheitestephane.com\/index.php\/wp-json\/wp\/v2\/pages"}],"about":[{"href":"https:\/\/etancheitestephane.com\/index.php\/wp-json\/wp\/v2\/types\/page"}],"author":[{"embeddable":true,"href":"https:\/\/etancheitestephane.com\/index.php\/wp-json\/wp\/v2\/users\/1"}],"replies":[{"embeddable":true,"href":"https:\/\/etancheitestephane.com\/index.php\/wp-json\/wp\/v2\/comments?post=702"}],"version-history":[{"count":12,"href":"https:\/\/etancheitestephane.com\/index.php\/wp-json\/wp\/v2\/pages\/702\/revisions"}],"predecessor-version":[{"id":1207,"href":"https:\/\/etancheitestephane.com\/index.php\/wp-json\/wp\/v2\/pages\/702\/revisions\/1207"}],"wp:attachment":[{"href":"https:\/\/etancheitestephane.com\/index.php\/wp-json\/wp\/v2\/media?parent=702"}],"curies":[{"name":"wp","href":"https:\/\/api.w.org\/{rel}","templated":true}]}}